{"id":671,"date":"2020-07-05T12:49:44","date_gmt":"2020-07-05T10:49:44","guid":{"rendered":"https:\/\/eternal-art.org\/utstallning\/"},"modified":"2021-11-05T10:44:59","modified_gmt":"2021-11-05T09:44:59","slug":"utstallning","status":"publish","type":"page","link":"https:\/\/eternal-art.org\/sv\/utstallning\/","title":{"rendered":"Utst\u00e4llning"},"content":{"rendered":"\t\t<div data-elementor-type=\"wp-page\" data-elementor-id=\"671\" class=\"elementor elementor-671 elementor-106\" data-elementor-settings=\"[]\">\n\t\t\t\t\t\t<div class=\"elementor-inner\">\n\t\t\t\t\t\t\t<div class=\"elementor-section-wrap\">\n\t\t\t\t\t\t\t<section class=\"elementor-section elementor-top-section elementor-element elementor-element-eb95c0a elementor-section-height-min-height elementor-section-stretched elementor-section-boxed elementor-section-height-default elementor-section-items-middle\" data-id=\"eb95c0a\" data-element_type=\"section\" data-settings=\"{&quot;stretch_section&quot;:&quot;section-stretched&quot;}\">\n\t\t\t\t\t\t<div class=\"elementor-container elementor-column-gap-no\">\n\t\t\t\t\t\t\t<div class=\"elementor-row\">\n\t\t\t\t\t<div class=\"elementor-column elementor-col-33 elementor-top-column elementor-element elementor-element-e653353\" data-id=\"e653353\" data-element_type=\"column\">\n\t\t\t<div class=\"elementor-column-wrap elementor-element-populated\">\n\t\t\t\t\t\t\t<div class=\"elementor-widget-wrap\">\n\t\t\t\t\t\t<div class=\"elementor-element elementor-element-f96291e elementor-widget elementor-widget-spacer\" data-id=\"f96291e\" data-element_type=\"widget\" data-widget_type=\"spacer.default\">\n\t\t\t\t<div class=\"elementor-widget-container\">\n\t\t\t\t\t<div class=\"elementor-spacer\">\n\t\t\t<div class=\"elementor-spacer-inner\"><\/div>\n\t\t<\/div>\n\t\t\t\t<\/div>\n\t\t\t\t<\/div>\n\t\t\t\t<div class=\"elementor-element elementor-element-d6e4ab9 elementor-widget elementor-widget-heading\" data-id=\"d6e4ab9\" data-element_type=\"widget\" data-widget_type=\"heading.default\">\n\t\t\t\t<div class=\"elementor-widget-container\">\n\t\t\t<h2 class=\"elementor-heading-title elementor-size-default\">Exibition<\/h2>\t\t<\/div>\n\t\t\t\t<\/div>\n\t\t\t\t<div class=\"elementor-element elementor-element-fc3a79a elementor-widget-divider--view-line elementor-widget elementor-widget-divider\" data-id=\"fc3a79a\" data-element_type=\"widget\" data-widget_type=\"divider.default\">\n\t\t\t\t<div class=\"elementor-widget-container\">\n\t\t\t\t\t<div class=\"elementor-divider\">\n\t\t\t<span class=\"elementor-divider-separator\">\n\t\t\t\t\t\t<\/span>\n\t\t<\/div>\n\t\t\t\t<\/div>\n\t\t\t\t<\/div>\n\t\t\t\t<div class=\"elementor-element elementor-element-f31dc5b elementor-widget elementor-widget-text-editor\" data-id=\"f31dc5b\" data-element_type=\"widget\" data-widget_type=\"text-editor.default\">\n\t\t\t\t<div class=\"elementor-widget-container\">\n\t\t\t\t\t\t\t\t<div class=\"elementor-text-editor elementor-clearfix\">\n\t\t\t\t<p>Det \u00e4r h\u00e4r allt blir verklighet. Konstn\u00e4rernas resultat kommer visas i J\u00f6nk\u00f6ping. H\u00e4r kommer ni kunna se var och n\u00e4r ni hittar dessa vackra och inspirerade konstverk. En perfekt utflykt tillsammans med familj och v\u00e4nner. Ni kan ocks\u00e5 ta er tid att r\u00f6sta p\u00e5 vilken tavla som \u00e4r er favorit, och hj\u00e4lpa favoriten kamma hem f\u00f6rsta pris!<\/p>\n\t\t\t\t\t<\/div>\n\t\t\t\t\t\t<\/div>\n\t\t\t\t<\/div>\n\t\t\t\t\t\t<\/div>\n\t\t\t\t\t<\/div>\n\t\t<\/div>\n\t\t\t\t<div class=\"elementor-column elementor-col-66 elementor-top-column elementor-element elementor-element-f31ad71\" data-id=\"f31ad71\" data-element_type=\"column\" data-settings=\"{&quot;background_background&quot;:&quot;classic&quot;}\">\n\t\t\t<div class=\"elementor-column-wrap elementor-element-populated\">\n\t\t\t\t\t\t\t<div class=\"elementor-widget-wrap\">\n\t\t\t\t\t\t<div class=\"elementor-element elementor-element-c659197 elementor-widget elementor-widget-heading\" data-id=\"c659197\" data-element_type=\"widget\" data-widget_type=\"heading.default\">\n\t\t\t\t<div class=\"elementor-widget-container\">\n\t\t\t<h2 class=\"elementor-heading-title elementor-size-default\">Datum<br>Kommer 2022<\/h2>\t\t<\/div>\n\t\t\t\t<\/div>\n\t\t\t\t\t\t<\/div>\n\t\t\t\t\t<\/div>\n\t\t<\/div>\n\t\t\t\t\t\t\t\t<\/div>\n\t\t\t\t\t<\/div>\n\t\t<\/section>\n\t\t\t\t<section class=\"elementor-section elementor-top-section elementor-element elementor-element-5a8590e elementor-section-height-min-height elementor-section-stretched elementor-section-full_width elementor-hidden-tablet elementor-hidden-phone elementor-section-height-default elementor-section-items-middle\" data-id=\"5a8590e\" data-element_type=\"section\" data-settings=\"{&quot;stretch_section&quot;:&quot;section-stretched&quot;}\">\n\t\t\t\t\t\t<div class=\"elementor-container elementor-column-gap-no\">\n\t\t\t\t\t\t\t<div class=\"elementor-row\">\n\t\t\t\t\t<div class=\"elementor-column elementor-col-33 elementor-top-column elementor-element elementor-element-b153280\" data-id=\"b153280\" data-element_type=\"column\">\n\t\t\t<div class=\"elementor-column-wrap elementor-element-populated\">\n\t\t\t\t\t\t\t<div class=\"elementor-widget-wrap\">\n\t\t\t\t\t\t<div class=\"elementor-element elementor-element-47191d5 elementor-widget elementor-widget-spacer\" data-id=\"47191d5\" data-element_type=\"widget\" data-widget_type=\"spacer.default\">\n\t\t\t\t<div class=\"elementor-widget-container\">\n\t\t\t\t\t<div class=\"elementor-spacer\">\n\t\t\t<div class=\"elementor-spacer-inner\"><\/div>\n\t\t<\/div>\n\t\t\t\t<\/div>\n\t\t\t\t<\/div>\n\t\t\t\t<div class=\"elementor-element elementor-element-74efd30 elementor-widget elementor-widget-spacer\" data-id=\"74efd30\" data-element_type=\"widget\" data-widget_type=\"spacer.default\">\n\t\t\t\t<div class=\"elementor-widget-container\">\n\t\t\t\t\t<div class=\"elementor-spacer\">\n\t\t\t<div class=\"elementor-spacer-inner\"><\/div>\n\t\t<\/div>\n\t\t\t\t<\/div>\n\t\t\t\t<\/div>\n\t\t\t\t\t\t<\/div>\n\t\t\t\t\t<\/div>\n\t\t<\/div>\n\t\t\t\t<div class=\"elementor-column elementor-col-66 elementor-top-column elementor-element elementor-element-018b0e6\" data-id=\"018b0e6\" data-element_type=\"column\" data-settings=\"{&quot;background_background&quot;:&quot;classic&quot;}\">\n\t\t\t<div class=\"elementor-column-wrap elementor-element-populated\">\n\t\t\t\t\t\t\t<div class=\"elementor-widget-wrap\">\n\t\t\t\t\t\t<div class=\"elementor-element elementor-element-5651b64 elementor-widget elementor-widget-spacer\" data-id=\"5651b64\" data-element_type=\"widget\" data-widget_type=\"spacer.default\">\n\t\t\t\t<div class=\"elementor-widget-container\">\n\t\t\t\t\t<div class=\"elementor-spacer\">\n\t\t\t<div class=\"elementor-spacer-inner\"><\/div>\n\t\t<\/div>\n\t\t\t\t<\/div>\n\t\t\t\t<\/div>\n\t\t\t\t\t\t<\/div>\n\t\t\t\t\t<\/div>\n\t\t<\/div>\n\t\t\t\t\t\t\t\t<\/div>\n\t\t\t\t\t<\/div>\n\t\t<\/section>\n\t\t\t\t<section class=\"elementor-section elementor-top-section elementor-element elementor-element-4a63355 elementor-section-stretched elementor-section-full_width elementor-reverse-mobile elementor-section-height-default elementor-section-height-default\" data-id=\"4a63355\" data-element_type=\"section\" data-settings=\"{&quot;stretch_section&quot;:&quot;section-stretched&quot;}\">\n\t\t\t\t\t\t<div class=\"elementor-container elementor-column-gap-no\">\n\t\t\t\t\t\t\t<div class=\"elementor-row\">\n\t\t\t\t\t<div class=\"elementor-column elementor-col-50 elementor-top-column elementor-element elementor-element-2def61a\" data-id=\"2def61a\" data-element_type=\"column\">\n\t\t\t<div class=\"elementor-column-wrap elementor-element-populated\">\n\t\t\t\t\t\t\t<div class=\"elementor-widget-wrap\">\n\t\t\t\t\t\t<div class=\"elementor-element elementor-element-435ddc4 elementor-widget elementor-widget-google_maps\" data-id=\"435ddc4\" data-element_type=\"widget\" data-widget_type=\"google_maps.default\">\n\t\t\t\t<div class=\"elementor-widget-container\">\n\t\t\t\t\t<div class=\"elementor-custom-embed\">\n\t\t\t<iframe frameborder=\"0\" scrolling=\"no\" marginheight=\"0\" marginwidth=\"0\"\n\t\t\t\t\tsrc=\"https:\/\/maps.google.com\/maps?q=J%C3%B6nk%C3%B6ping&#038;t=m&#038;z=11&#038;output=embed&#038;iwloc=near\"\n\t\t\t\t\ttitle=\"J\u00f6nk\u00f6ping\"\n\t\t\t\t\taria-label=\"J\u00f6nk\u00f6ping\"\n\t\t\t><\/iframe>\n\t\t<\/div>\n\t\t\t\t<\/div>\n\t\t\t\t<\/div>\n\t\t\t\t\t\t<\/div>\n\t\t\t\t\t<\/div>\n\t\t<\/div>\n\t\t\t\t<div class=\"elementor-column elementor-col-50 elementor-top-column elementor-element elementor-element-acad938\" data-id=\"acad938\" data-element_type=\"column\" data-settings=\"{&quot;background_background&quot;:&quot;classic&quot;}\">\n\t\t\t<div class=\"elementor-column-wrap elementor-element-populated\">\n\t\t\t\t\t\t\t<div class=\"elementor-widget-wrap\">\n\t\t\t\t\t\t<div class=\"elementor-element elementor-element-2331af9 elementor-widget elementor-widget-heading\" data-id=\"2331af9\" data-element_type=\"widget\" data-widget_type=\"heading.default\">\n\t\t\t\t<div class=\"elementor-widget-container\">\n\t\t\t<h2 class=\"elementor-heading-title elementor-size-default\">J\u00f6nk\u00f6ping<\/h2>\t\t<\/div>\n\t\t\t\t<\/div>\n\t\t\t\t<div class=\"elementor-element elementor-element-a6fc365 elementor-widget-divider--view-line elementor-widget elementor-widget-divider\" data-id=\"a6fc365\" data-element_type=\"widget\" data-widget_type=\"divider.default\">\n\t\t\t\t<div class=\"elementor-widget-container\">\n\t\t\t\t\t<div class=\"elementor-divider\">\n\t\t\t<span class=\"elementor-divider-separator\">\n\t\t\t\t\t\t<\/span>\n\t\t<\/div>\n\t\t\t\t<\/div>\n\t\t\t\t<\/div>\n\t\t\t\t<div class=\"elementor-element elementor-element-e79c86c elementor-widget elementor-widget-text-editor\" data-id=\"e79c86c\" data-element_type=\"widget\" data-widget_type=\"text-editor.default\">\n\t\t\t\t<div class=\"elementor-widget-container\">\n\t\t\t\t\t\t\t\t<div class=\"elementor-text-editor elementor-clearfix\">\n\t\t\t\t<p>Konsten kommer st\u00e4llas ut p\u00e5 flera platser omkring J\u00f6nk\u00f6ping. De exakta platserna tillg\u00e4nnages vid ett senare tillf\u00e4lle.<\/p>\n\t\t\t\t\t<\/div>\n\t\t\t\t\t\t<\/div>\n\t\t\t\t<\/div>\n\t\t\t\t<div class=\"elementor-element elementor-element-fff2177 elementor-align-left elementor-icon-list--layout-traditional elementor-list-item-link-full_width elementor-widget elementor-widget-icon-list\" data-id=\"fff2177\" data-element_type=\"widget\" data-widget_type=\"icon-list.default\">\n\t\t\t\t<div class=\"elementor-widget-container\">\n\t\t\t\t\t<ul class=\"elementor-icon-list-items\">\n\t\t\t\t\t\t\t<li class=\"elementor-icon-list-item\">\n\t\t\t\t\t\t\t\t\t\t\t<span class=\"elementor-icon-list-icon\">\n\t\t\t\t\t\t\t<i aria-hidden=\"true\" class=\"fas fa-map-marker-alt\"><\/i>\t\t\t\t\t\t<\/span>\n\t\t\t\t\t\t\t\t\t\t<span class=\"elementor-icon-list-text\"><span style=\"text-decoration:underline;\">J\u00f6nk\u00f6ping<\/span><\/span>\n\t\t\t\t\t\t\t\t\t<\/li>\n\t\t\t\t\t\t\t\t<li class=\"elementor-icon-list-item\">\n\t\t\t\t\t\t\t\t\t\t\t<span class=\"elementor-icon-list-icon\">\n\t\t\t\t\t\t\t<i aria-hidden=\"true\" class=\"fas fa-clock\"><\/i>\t\t\t\t\t\t<\/span>\n\t\t\t\t\t\t\t\t\t\t<span class=\"elementor-icon-list-text\"><span>2Kommer 2022<\/span><\/span>\n\t\t\t\t\t\t\t\t\t<\/li>\n\t\t\t\t\t\t<\/ul>\n\t\t\t\t<\/div>\n\t\t\t\t<\/div>\n\t\t\t\t\t\t<\/div>\n\t\t\t\t\t<\/div>\n\t\t<\/div>\n\t\t\t\t\t\t\t\t<\/div>\n\t\t\t\t\t<\/div>\n\t\t<\/section>\n\t\t\t\t\t\t<\/div>\n\t\t\t\t\t\t<\/div>\n\t\t\t\t\t<\/div>\n\t\t","protected":false},"excerpt":{"rendered":"<p>Exibition Det \u00e4r h\u00e4r allt blir verklighet. Konstn\u00e4rernas resultat kommer visas i J\u00f6nk\u00f6ping. H\u00e4r kommer ni kunna se var och n\u00e4r ni hittar dessa vackra och inspirerade konstverk. En perfekt utflykt tillsammans med familj och v\u00e4nner. Ni kan ocks\u00e5 ta er tid att r\u00f6sta p\u00e5 vilken tavla som \u00e4r er favorit, och hj\u00e4lpa favoriten kamma &hellip;<\/p>\n<p class=\"read-more\"> <a class=\"\" href=\"https:\/\/eternal-art.org\/sv\/utstallning\/\"> <span class=\"screen-reader-text\">Utst\u00e4llning<\/span> L\u00e4s mer &raquo;<\/a><\/p>\n","protected":false},"author":1,"featured_media":0,"parent":0,"menu_order":0,"comment_status":"closed","ping_status":"closed","template":"","meta":{"site-sidebar-layout":"no-sidebar","site-content-layout":"page-builder","ast-main-header-display":"","ast-hfb-above-header-display":"","ast-hfb-below-header-display":"","ast-hfb-mobile-header-display":"","site-post-title":"disabled","ast-breadcrumbs-content":"","ast-featured-img":"disabled","footer-sml-layout":"","theme-transparent-header-meta":"default","adv-header-id-meta":"","stick-header-meta":"","header-above-stick-meta":"","header-main-stick-meta":"","header-below-stick-meta":""},"acf":[],"yoast_head":"<!-- This site is optimized with the Yoast SEO plugin v17.8 - https:\/\/yoast.com\/wordpress\/plugins\/seo\/ -->\n<title>Utst\u00e4llning i J\u00f6nk\u00f6ping - 29 augusti till 19 september | Eternal-art.org<\/title>\n<meta name=\"description\" content=\"Konstutst\u00e4llningen \u00e4r d\u00e4r John Bauers anda kommer till liv. Med start den 29 augusti kommer vi p\u00e5 olika platser i J\u00f6nk\u00f6ping visa upp all vacker konst.\" \/>\n<meta name=\"robots\" content=\"index, follow, max-snippet:-1, max-image-preview:large, max-video-preview:-1\" \/>\n<link rel=\"canonical\" href=\"https:\/\/eternal-art.org\/sv\/utstallning\/\" \/>\n<meta property=\"og:locale\" content=\"sv_SE\" \/>\n<meta property=\"og:type\" content=\"article\" \/>\n<meta property=\"og:title\" content=\"Utst\u00e4llning i J\u00f6nk\u00f6ping - 29 augusti till 19 september | Eternal-art.org\" \/>\n<meta property=\"og:description\" content=\"Konstutst\u00e4llningen \u00e4r d\u00e4r John Bauers anda kommer till liv. Med start den 29 augusti kommer vi p\u00e5 olika platser i J\u00f6nk\u00f6ping visa upp all vacker konst.\" \/>\n<meta property=\"og:url\" content=\"https:\/\/eternal-art.org\/sv\/utstallning\/\" \/>\n<meta property=\"og:site_name\" content=\"eternal-art.org\" \/>\n<meta property=\"article:publisher\" content=\"https:\/\/www.facebook.com\/eternalartproject\/\" \/>\n<meta property=\"article:modified_time\" content=\"2021-11-05T09:44:59+00:00\" \/>\n<meta name=\"twitter:card\" content=\"summary_large_image\" \/>\n<script type=\"application\/ld+json\" class=\"yoast-schema-graph\">{\"@context\":\"https:\/\/schema.org\",\"@graph\":[{\"@type\":\"WebSite\",\"@id\":\"https:\/\/eternal-art.org\/#website\",\"url\":\"https:\/\/eternal-art.org\/\",\"name\":\"eternal-art.org\",\"description\":\"The John Bauer Experience\",\"potentialAction\":[{\"@type\":\"SearchAction\",\"target\":{\"@type\":\"EntryPoint\",\"urlTemplate\":\"https:\/\/eternal-art.org\/?s={search_term_string}\"},\"query-input\":\"required name=search_term_string\"}],\"inLanguage\":\"sv-SE\"},{\"@type\":\"WebPage\",\"@id\":\"https:\/\/eternal-art.org\/sv\/utstallning\/#webpage\",\"url\":\"https:\/\/eternal-art.org\/sv\/utstallning\/\",\"name\":\"Utst\\u00e4llning i J\\u00f6nk\\u00f6ping - 29 augusti till 19 september | Eternal-art.org\",\"isPartOf\":{\"@id\":\"https:\/\/eternal-art.org\/#website\"},\"datePublished\":\"2020-07-05T10:49:44+00:00\",\"dateModified\":\"2021-11-05T09:44:59+00:00\",\"description\":\"Konstutst\\u00e4llningen \\u00e4r d\\u00e4r John Bauers anda kommer till liv. Med start den 29 augusti kommer vi p\\u00e5 olika platser i J\\u00f6nk\\u00f6ping visa upp all vacker konst.\",\"breadcrumb\":{\"@id\":\"https:\/\/eternal-art.org\/sv\/utstallning\/#breadcrumb\"},\"inLanguage\":\"sv-SE\",\"potentialAction\":[{\"@type\":\"ReadAction\",\"target\":[\"https:\/\/eternal-art.org\/sv\/utstallning\/\"]}]},{\"@type\":\"BreadcrumbList\",\"@id\":\"https:\/\/eternal-art.org\/sv\/utstallning\/#breadcrumb\",\"itemListElement\":[{\"@type\":\"ListItem\",\"position\":1,\"name\":\"Home\",\"item\":\"https:\/\/eternal-art.org\/sv\/\"},{\"@type\":\"ListItem\",\"position\":2,\"name\":\"Utst\\u00e4llning\"}]}]}<\/script>\n<!-- \/ Yoast SEO plugin. -->","yoast_head_json":{"title":"Utst\u00e4llning i J\u00f6nk\u00f6ping - 29 augusti till 19 september | Eternal-art.org","description":"Konstutst\u00e4llningen \u00e4r d\u00e4r John Bauers anda kommer till liv. Med start den 29 augusti kommer vi p\u00e5 olika platser i J\u00f6nk\u00f6ping visa upp all vacker konst.","robots":{"index":"index","follow":"follow","max-snippet":"max-snippet:-1","max-image-preview":"max-image-preview:large","max-video-preview":"max-video-preview:-1"},"canonical":"https:\/\/eternal-art.org\/sv\/utstallning\/","og_locale":"sv_SE","og_type":"article","og_title":"Utst\u00e4llning i J\u00f6nk\u00f6ping - 29 augusti till 19 september | Eternal-art.org","og_description":"Konstutst\u00e4llningen \u00e4r d\u00e4r John Bauers anda kommer till liv. Med start den 29 augusti kommer vi p\u00e5 olika platser i J\u00f6nk\u00f6ping visa upp all vacker konst.","og_url":"https:\/\/eternal-art.org\/sv\/utstallning\/","og_site_name":"eternal-art.org","article_publisher":"https:\/\/www.facebook.com\/eternalartproject\/","article_modified_time":"2021-11-05T09:44:59+00:00","twitter_card":"summary_large_image","schema":{"@context":"https:\/\/schema.org","@graph":[{"@type":"WebSite","@id":"https:\/\/eternal-art.org\/#website","url":"https:\/\/eternal-art.org\/","name":"eternal-art.org","description":"The John Bauer Experience","potentialAction":[{"@type":"SearchAction","target":{"@type":"EntryPoint","urlTemplate":"https:\/\/eternal-art.org\/?s={search_term_string}"},"query-input":"required name=search_term_string"}],"inLanguage":"sv-SE"},{"@type":"WebPage","@id":"https:\/\/eternal-art.org\/sv\/utstallning\/#webpage","url":"https:\/\/eternal-art.org\/sv\/utstallning\/","name":"Utst\u00e4llning i J\u00f6nk\u00f6ping - 29 augusti till 19 september | Eternal-art.org","isPartOf":{"@id":"https:\/\/eternal-art.org\/#website"},"datePublished":"2020-07-05T10:49:44+00:00","dateModified":"2021-11-05T09:44:59+00:00","description":"Konstutst\u00e4llningen \u00e4r d\u00e4r John Bauers anda kommer till liv. Med start den 29 augusti kommer vi p\u00e5 olika platser i J\u00f6nk\u00f6ping visa upp all vacker konst.","breadcrumb":{"@id":"https:\/\/eternal-art.org\/sv\/utstallning\/#breadcrumb"},"inLanguage":"sv-SE","potentialAction":[{"@type":"ReadAction","target":["https:\/\/eternal-art.org\/sv\/utstallning\/"]}]},{"@type":"BreadcrumbList","@id":"https:\/\/eternal-art.org\/sv\/utstallning\/#breadcrumb","itemListElement":[{"@type":"ListItem","position":1,"name":"Home","item":"https:\/\/eternal-art.org\/sv\/"},{"@type":"ListItem","position":2,"name":"Utst\u00e4llning"}]}]}},"_links":{"self":[{"href":"https:\/\/eternal-art.org\/sv\/wp-json\/wp\/v2\/pages\/671"}],"collection":[{"href":"https:\/\/eternal-art.org\/sv\/wp-json\/wp\/v2\/pages"}],"about":[{"href":"https:\/\/eternal-art.org\/sv\/wp-json\/wp\/v2\/types\/page"}],"author":[{"embeddable":true,"href":"https:\/\/eternal-art.org\/sv\/wp-json\/wp\/v2\/users\/1"}],"replies":[{"embeddable":true,"href":"https:\/\/eternal-art.org\/sv\/wp-json\/wp\/v2\/comments?post=671"}],"version-history":[{"count":5,"href":"https:\/\/eternal-art.org\/sv\/wp-json\/wp\/v2\/pages\/671\/revisions"}],"predecessor-version":[{"id":787,"href":"https:\/\/eternal-art.org\/sv\/wp-json\/wp\/v2\/pages\/671\/revisions\/787"}],"wp:attachment":[{"href":"https:\/\/eternal-art.org\/sv\/wp-json\/wp\/v2\/media?parent=671"}],"curies":[{"name":"wp","href":"https:\/\/api.w.org\/{rel}","templated":true}]}}