{"id":666,"date":"2020-07-05T12:47:56","date_gmt":"2020-07-05T10:47:56","guid":{"rendered":"https:\/\/eternal-art.org\/nyheter\/"},"modified":"2020-07-05T14:37:13","modified_gmt":"2020-07-05T12:37:13","slug":"nyheter","status":"publish","type":"page","link":"https:\/\/eternal-art.org\/sv\/nyheter\/","title":{"rendered":"Nyheter"},"content":{"rendered":"\t\t<div data-elementor-type=\"wp-page\" data-elementor-id=\"666\" class=\"elementor elementor-666 elementor-105\" data-elementor-settings=\"[]\">\n\t\t\t\t\t\t<div class=\"elementor-inner\">\n\t\t\t\t\t\t\t<div class=\"elementor-section-wrap\">\n\t\t\t\t\t\t\t<section class=\"elementor-section elementor-top-section elementor-element elementor-element-49f3e88 elementor-section-full_width elementor-section-height-default elementor-section-height-default\" data-id=\"49f3e88\" data-element_type=\"section\">\n\t\t\t\t\t\t<div class=\"elementor-container elementor-column-gap-no\">\n\t\t\t\t\t\t\t<div class=\"elementor-row\">\n\t\t\t\t\t<div class=\"elementor-column elementor-col-100 elementor-top-column elementor-element elementor-element-5722a26\" data-id=\"5722a26\" data-element_type=\"column\">\n\t\t\t<div class=\"elementor-column-wrap elementor-element-populated\">\n\t\t\t\t\t\t\t<div class=\"elementor-widget-wrap\">\n\t\t\t\t\t\t<div class=\"elementor-element elementor-element-26a76c7 elementor-widget elementor-widget-image\" data-id=\"26a76c7\" data-element_type=\"widget\" id=\"main-sponsor-accent\" data-widget_type=\"image.default\">\n\t\t\t\t<div class=\"elementor-widget-container\">\n\t\t\t\t\t\t\t\t<div class=\"elementor-image\">\n\t\t\t\t\t\t\t\t\t\t\t\t<img width=\"800\" height=\"478\" src=\"https:\/\/eternal-art.org\/wp-content\/uploads\/2020\/05\/Mask-Group-5@2x.png\" class=\"attachment-large size-large\" alt=\"\" loading=\"lazy\" srcset=\"https:\/\/eternal-art.org\/wp-content\/uploads\/2020\/05\/Mask-Group-5@2x.png 800w, https:\/\/eternal-art.org\/wp-content\/uploads\/2020\/05\/Mask-Group-5@2x-300x179.png 300w, https:\/\/eternal-art.org\/wp-content\/uploads\/2020\/05\/Mask-Group-5@2x-768x459.png 768w\" sizes=\"(max-width: 800px) 100vw, 800px\" \/>\t\t\t\t\t\t\t\t\t\t\t\t\t\t<\/div>\n\t\t\t\t\t\t<\/div>\n\t\t\t\t<\/div>\n\t\t\t\t\t\t<\/div>\n\t\t\t\t\t<\/div>\n\t\t<\/div>\n\t\t\t\t\t\t\t\t<\/div>\n\t\t\t\t\t<\/div>\n\t\t<\/section>\n\t\t\t\t<section class=\"elementor-section elementor-top-section elementor-element elementor-element-a41bfd7 elementor-section-content-middle elementor-reverse-tablet elementor-reverse-mobile elementor-section-boxed elementor-section-height-default elementor-section-height-default\" data-id=\"a41bfd7\" data-element_type=\"section\" data-settings=\"{&quot;background_background&quot;:&quot;classic&quot;}\">\n\t\t\t\t\t\t<div class=\"elementor-container elementor-column-gap-no\">\n\t\t\t\t\t\t\t<div class=\"elementor-row\">\n\t\t\t\t\t<div class=\"elementor-column elementor-col-33 elementor-top-column elementor-element elementor-element-b6ed0aa\" data-id=\"b6ed0aa\" data-element_type=\"column\">\n\t\t\t<div class=\"elementor-column-wrap elementor-element-populated\">\n\t\t\t\t\t\t\t<div class=\"elementor-widget-wrap\">\n\t\t\t\t\t\t<div class=\"elementor-element elementor-element-71cbea0 elementor-widget elementor-widget-image\" data-id=\"71cbea0\" data-element_type=\"widget\" data-widget_type=\"image.default\">\n\t\t\t\t<div class=\"elementor-widget-container\">\n\t\t\t\t\t\t\t\t<div class=\"elementor-image\">\n\t\t\t\t\t\t\t\t\t\t\t\t<img width=\"204\" height=\"205\" src=\"https:\/\/eternal-art.org\/wp-content\/uploads\/2020\/05\/Group-73@2x.png\" class=\"attachment-large size-large\" alt=\"\" loading=\"lazy\" srcset=\"https:\/\/eternal-art.org\/wp-content\/uploads\/2020\/05\/Group-73@2x.png 204w, https:\/\/eternal-art.org\/wp-content\/uploads\/2020\/05\/Group-73@2x-150x150.png 150w\" sizes=\"(max-width: 204px) 100vw, 204px\" \/>\t\t\t\t\t\t\t\t\t\t\t\t\t\t<\/div>\n\t\t\t\t\t\t<\/div>\n\t\t\t\t<\/div>\n\t\t\t\t<div class=\"elementor-element elementor-element-f820687 elementor-widget elementor-widget-heading\" data-id=\"f820687\" data-element_type=\"widget\" data-widget_type=\"heading.default\">\n\t\t\t\t<div class=\"elementor-widget-container\">\n\t\t\t<h2 class=\"elementor-heading-title elementor-size-default\">Senaste nytt<\/h2>\t\t<\/div>\n\t\t\t\t<\/div>\n\t\t\t\t<div class=\"elementor-element elementor-element-544d27b elementor-widget-divider--view-line elementor-widget elementor-widget-divider\" data-id=\"544d27b\" data-element_type=\"widget\" data-widget_type=\"divider.default\">\n\t\t\t\t<div class=\"elementor-widget-container\">\n\t\t\t\t\t<div class=\"elementor-divider\">\n\t\t\t<span class=\"elementor-divider-separator\">\n\t\t\t\t\t\t<\/span>\n\t\t<\/div>\n\t\t\t\t<\/div>\n\t\t\t\t<\/div>\n\t\t\t\t<div class=\"elementor-element elementor-element-d53f0ef elementor-widget elementor-widget-text-editor\" data-id=\"d53f0ef\" data-element_type=\"widget\" data-widget_type=\"text-editor.default\">\n\t\t\t\t<div class=\"elementor-widget-container\">\n\t\t\t\t\t\t\t\t<div class=\"elementor-text-editor elementor-clearfix\">\n\t\t\t\t<p>H\u00e4r hittar du senaste nytt om Eternal och v\u00e5ra andra projekt. Under t\u00e4vlingens g\u00e5ng kommer vi skriva regelbundna uppdateringar om utst\u00e4llningsplatser, nya sponsorer, projekt vi st\u00f6der och mer.<\/p>\n\t\t\t\t\t<\/div>\n\t\t\t\t\t\t<\/div>\n\t\t\t\t<\/div>\n\t\t\t\t\t\t<\/div>\n\t\t\t\t\t<\/div>\n\t\t<\/div>\n\t\t\t\t<div class=\"elementor-column elementor-col-33 elementor-top-column elementor-element elementor-element-f864d69 elementor-hidden-tablet elementor-hidden-phone\" data-id=\"f864d69\" data-element_type=\"column\">\n\t\t\t<div class=\"elementor-column-wrap\">\n\t\t\t\t\t\t\t<div class=\"elementor-widget-wrap\">\n\t\t\t\t\t\t\t\t<\/div>\n\t\t\t\t\t<\/div>\n\t\t<\/div>\n\t\t\t\t<div class=\"elementor-column elementor-col-33 elementor-top-column elementor-element elementor-element-37e34f6\" data-id=\"37e34f6\" data-element_type=\"column\" data-settings=\"{&quot;background_background&quot;:&quot;classic&quot;}\">\n\t\t\t<div class=\"elementor-column-wrap elementor-element-populated\">\n\t\t\t\t\t\t\t<div class=\"elementor-widget-wrap\">\n\t\t\t\t\t\t<div class=\"elementor-element elementor-element-388117b elementor-widget elementor-widget-image\" data-id=\"388117b\" data-element_type=\"widget\" data-widget_type=\"image.default\">\n\t\t\t\t<div class=\"elementor-widget-container\">\n\t\t\t\t\t\t\t\t<div class=\"elementor-image\">\n\t\t\t\t\t\t\t\t\t\t\t\t<img width=\"1024\" height=\"641\" src=\"https:\/\/eternal-art.org\/wp-content\/uploads\/2020\/05\/markus-spiske-k0rVudBoB4c-unsplash@2x-1024x641.png\" class=\"attachment-large size-large\" alt=\"\" loading=\"lazy\" srcset=\"https:\/\/eternal-art.org\/wp-content\/uploads\/2020\/05\/markus-spiske-k0rVudBoB4c-unsplash@2x-1024x641.png 1024w, https:\/\/eternal-art.org\/wp-content\/uploads\/2020\/05\/markus-spiske-k0rVudBoB4c-unsplash@2x-300x188.png 300w, https:\/\/eternal-art.org\/wp-content\/uploads\/2020\/05\/markus-spiske-k0rVudBoB4c-unsplash@2x-768x481.png 768w, https:\/\/eternal-art.org\/wp-content\/uploads\/2020\/05\/markus-spiske-k0rVudBoB4c-unsplash@2x.png 1256w\" sizes=\"(max-width: 1024px) 100vw, 1024px\" \/>\t\t\t\t\t\t\t\t\t\t\t\t\t\t<\/div>\n\t\t\t\t\t\t<\/div>\n\t\t\t\t<\/div>\n\t\t\t\t\t\t<\/div>\n\t\t\t\t\t<\/div>\n\t\t<\/div>\n\t\t\t\t\t\t\t\t<\/div>\n\t\t\t\t\t<\/div>\n\t\t<\/section>\n\t\t\t\t<section class=\"elementor-section elementor-top-section elementor-element elementor-element-23ac2b7 elementor-section-boxed elementor-section-height-default elementor-section-height-default\" data-id=\"23ac2b7\" data-element_type=\"section\" data-settings=\"{&quot;background_background&quot;:&quot;classic&quot;}\">\n\t\t\t\t\t\t<div class=\"elementor-container elementor-column-gap-default\">\n\t\t\t\t\t\t\t<div class=\"elementor-row\">\n\t\t\t\t\t<div class=\"elementor-column elementor-col-100 elementor-top-column elementor-element elementor-element-741e843\" data-id=\"741e843\" data-element_type=\"column\">\n\t\t\t<div class=\"elementor-column-wrap elementor-element-populated\">\n\t\t\t\t\t\t\t<div class=\"elementor-widget-wrap\">\n\t\t\t\t\t\t<div class=\"elementor-element elementor-element-371e7a2 elementor-widget elementor-widget-html\" data-id=\"371e7a2\" data-element_type=\"widget\" data-widget_type=\"html.default\">\n\t\t\t\t<div class=\"elementor-widget-container\">\n\t\t\t<script src='https:\/\/kit.fontawesome.com\/a076d05399.js'><\/script>\t\t<\/div>\n\t\t\t\t<\/div>\n\t\t\t\t<div class=\"elementor-element elementor-element-14fe3cb elementor-grid-3 elementor-grid-tablet-2 elementor-grid-mobile-1 elementor-posts--thumbnail-top elementor-widget elementor-widget-posts\" data-id=\"14fe3cb\" data-element_type=\"widget\" data-settings=\"{&quot;pagination_type&quot;:&quot;prev_next&quot;,&quot;classic_columns&quot;:&quot;3&quot;,&quot;classic_columns_tablet&quot;:&quot;2&quot;,&quot;classic_columns_mobile&quot;:&quot;1&quot;,&quot;classic_row_gap&quot;:{&quot;unit&quot;:&quot;px&quot;,&quot;size&quot;:35,&quot;sizes&quot;:[]},&quot;classic_row_gap_tablet&quot;:{&quot;unit&quot;:&quot;px&quot;,&quot;size&quot;:&quot;&quot;,&quot;sizes&quot;:[]},&quot;classic_row_gap_mobile&quot;:{&quot;unit&quot;:&quot;px&quot;,&quot;size&quot;:&quot;&quot;,&quot;sizes&quot;:[]}}\" data-widget_type=\"posts.classic\">\n\t\t\t\t<div class=\"elementor-widget-container\">\n\t\t\t\t\t<div class=\"elementor-posts-container elementor-posts elementor-posts--skin-classic elementor-grid\">\n\t\t\t\t<article class=\"elementor-post elementor-grid-item post-528 post type-post status-publish format-standard has-post-thumbnail hentry category-okategoriserad\">\n\t\t\t\t<a class=\"elementor-post__thumbnail__link\" href=\"https:\/\/eternal-art.org\/sv\/forsta-sponsorerna\/\" >\n\t\t\t<div class=\"elementor-post__thumbnail\"><img width=\"750\" height=\"500\" src=\"https:\/\/eternal-art.org\/wp-content\/uploads\/2020\/07\/hotels-1.png\" class=\"attachment-full size-full\" alt=\"\" loading=\"lazy\" \/><\/div>\n\t\t<\/a>\n\t\t\t\t<div class=\"elementor-post__text\">\n\t\t\t\t<h3 class=\"elementor-post__title\">\n\t\t\t<a href=\"https:\/\/eternal-art.org\/sv\/forsta-sponsorerna\/\" >\n\t\t\t\tF\u00f6rsta sponsorerna\t\t\t<\/a>\n\t\t<\/h3>\n\t\t\t\t\t<a class=\"elementor-post__read-more\" href=\"https:\/\/eternal-art.org\/sv\/forsta-sponsorerna\/\" >\n\t\t\t\tL\u00e4s mer\t\t\t<\/a>\n\t\t\t\t<\/div>\n\t\t\t\t<\/article>\n\t\t\t\t<article class=\"elementor-post elementor-grid-item post-523 post type-post status-publish format-standard has-post-thumbnail hentry category-okategoriserad\">\n\t\t\t\t<a class=\"elementor-post__thumbnail__link\" href=\"https:\/\/eternal-art.org\/sv\/eternal-john-bauer\/\" >\n\t\t\t<div class=\"elementor-post__thumbnail\"><img width=\"750\" height=\"500\" src=\"https:\/\/eternal-art.org\/wp-content\/uploads\/2020\/07\/bauer.png\" class=\"attachment-full size-full\" alt=\"\" loading=\"lazy\" \/><\/div>\n\t\t<\/a>\n\t\t\t\t<div class=\"elementor-post__text\">\n\t\t\t\t<h3 class=\"elementor-post__title\">\n\t\t\t<a href=\"https:\/\/eternal-art.org\/sv\/eternal-john-bauer\/\" >\n\t\t\t\tEternal &#8211; John Bauer\t\t\t<\/a>\n\t\t<\/h3>\n\t\t\t\t\t<a class=\"elementor-post__read-more\" href=\"https:\/\/eternal-art.org\/sv\/eternal-john-bauer\/\" >\n\t\t\t\tL\u00e4s mer\t\t\t<\/a>\n\t\t\t\t<\/div>\n\t\t\t\t<\/article>\n\t\t\t\t<\/div>\n\n\n\t\t\n\t\t\t\t<\/div>\n\t\t\t\t<\/div>\n\t\t\t\t\t\t<\/div>\n\t\t\t\t\t<\/div>\n\t\t<\/div>\n\t\t\t\t\t\t\t\t<\/div>\n\t\t\t\t\t<\/div>\n\t\t<\/section>\n\t\t\t\t\t\t<\/div>\n\t\t\t\t\t\t<\/div>\n\t\t\t\t\t<\/div>\n\t\t","protected":false},"excerpt":{"rendered":"<p>Senaste nytt H\u00e4r hittar du senaste nytt om Eternal och v\u00e5ra andra projekt. Under t\u00e4vlingens g\u00e5ng kommer vi skriva regelbundna uppdateringar om utst\u00e4llningsplatser, nya sponsorer,<\/p>\n","protected":false},"author":1,"featured_media":0,"parent":0,"menu_order":0,"comment_status":"closed","ping_status":"closed","template":"","meta":{"site-sidebar-layout":"default","site-content-layout":"default","ast-main-header-display":"","ast-hfb-above-header-display":"","ast-hfb-below-header-display":"","ast-hfb-mobile-header-display":"","site-post-title":"","ast-breadcrumbs-content":"","ast-featured-img":"","footer-sml-layout":"","theme-transparent-header-meta":"default","adv-header-id-meta":"","stick-header-meta":"","header-above-stick-meta":"","header-main-stick-meta":"","header-below-stick-meta":""},"acf":[],"yoast_head":"<!-- This site is optimized with the Yoast SEO plugin v17.8 - https:\/\/yoast.com\/wordpress\/plugins\/seo\/ -->\n<title>Nyheter och uppdatering om Eternal Art och v\u00e5r konstt\u00e4vling | Eternal-art.org<\/title>\n<meta name=\"description\" content=\"H\u00e4r hittar du senaste nytt om Eternal Arts konstt\u00e4vling. Vi kommer posta regelbundna uppdateringar om utst\u00e4llningsomr\u00e5den, nya sponsorer och mer.\" \/>\n<meta name=\"robots\" content=\"index, follow, max-snippet:-1, max-image-preview:large, max-video-preview:-1\" \/>\n<link rel=\"canonical\" href=\"https:\/\/eternal-art.org\/sv\/nyheter\/\" \/>\n<meta property=\"og:locale\" content=\"sv_SE\" \/>\n<meta property=\"og:type\" content=\"article\" \/>\n<meta property=\"og:title\" content=\"Nyheter och uppdatering om Eternal Art och v\u00e5r konstt\u00e4vling | Eternal-art.org\" \/>\n<meta property=\"og:description\" content=\"H\u00e4r hittar du senaste nytt om Eternal Arts konstt\u00e4vling. Vi kommer posta regelbundna uppdateringar om utst\u00e4llningsomr\u00e5den, nya sponsorer och mer.\" \/>\n<meta property=\"og:url\" content=\"https:\/\/eternal-art.org\/sv\/nyheter\/\" \/>\n<meta property=\"og:site_name\" content=\"eternal-art.org\" \/>\n<meta property=\"article:publisher\" content=\"https:\/\/www.facebook.com\/eternalartproject\/\" \/>\n<meta property=\"article:modified_time\" content=\"2020-07-05T12:37:13+00:00\" \/>\n<meta property=\"og:image\" content=\"https:\/\/eternal-art.org\/wp-content\/uploads\/2020\/05\/Mask-Group-5@2x.png\" \/>\n<meta name=\"twitter:card\" content=\"summary_large_image\" \/>\n<script type=\"application\/ld+json\" class=\"yoast-schema-graph\">{\"@context\":\"https:\/\/schema.org\",\"@graph\":[{\"@type\":\"WebSite\",\"@id\":\"https:\/\/eternal-art.org\/#website\",\"url\":\"https:\/\/eternal-art.org\/\",\"name\":\"eternal-art.org\",\"description\":\"The John Bauer Experience\",\"potentialAction\":[{\"@type\":\"SearchAction\",\"target\":{\"@type\":\"EntryPoint\",\"urlTemplate\":\"https:\/\/eternal-art.org\/?s={search_term_string}\"},\"query-input\":\"required name=search_term_string\"}],\"inLanguage\":\"sv-SE\"},{\"@type\":\"ImageObject\",\"@id\":\"https:\/\/eternal-art.org\/sv\/nyheter\/#primaryimage\",\"inLanguage\":\"sv-SE\",\"url\":\"https:\/\/eternal-art.org\/wp-content\/uploads\/2020\/05\/Mask-Group-5@2x.png\",\"contentUrl\":\"https:\/\/eternal-art.org\/wp-content\/uploads\/2020\/05\/Mask-Group-5@2x.png\",\"width\":800,\"height\":478},{\"@type\":\"WebPage\",\"@id\":\"https:\/\/eternal-art.org\/sv\/nyheter\/#webpage\",\"url\":\"https:\/\/eternal-art.org\/sv\/nyheter\/\",\"name\":\"Nyheter och uppdatering om Eternal Art och v\\u00e5r konstt\\u00e4vling | Eternal-art.org\",\"isPartOf\":{\"@id\":\"https:\/\/eternal-art.org\/#website\"},\"primaryImageOfPage\":{\"@id\":\"https:\/\/eternal-art.org\/sv\/nyheter\/#primaryimage\"},\"datePublished\":\"2020-07-05T10:47:56+00:00\",\"dateModified\":\"2020-07-05T12:37:13+00:00\",\"description\":\"H\\u00e4r hittar du senaste nytt om Eternal Arts konstt\\u00e4vling. Vi kommer posta regelbundna uppdateringar om utst\\u00e4llningsomr\\u00e5den, nya sponsorer och mer.\",\"breadcrumb\":{\"@id\":\"https:\/\/eternal-art.org\/sv\/nyheter\/#breadcrumb\"},\"inLanguage\":\"sv-SE\",\"potentialAction\":[{\"@type\":\"ReadAction\",\"target\":[\"https:\/\/eternal-art.org\/sv\/nyheter\/\"]}]},{\"@type\":\"BreadcrumbList\",\"@id\":\"https:\/\/eternal-art.org\/sv\/nyheter\/#breadcrumb\",\"itemListElement\":[{\"@type\":\"ListItem\",\"position\":1,\"name\":\"Home\",\"item\":\"https:\/\/eternal-art.org\/sv\/\"},{\"@type\":\"ListItem\",\"position\":2,\"name\":\"Nyheter\"}]}]}<\/script>\n<!-- \/ Yoast SEO plugin. -->","yoast_head_json":{"title":"Nyheter och uppdatering om Eternal Art och v\u00e5r konstt\u00e4vling | Eternal-art.org","description":"H\u00e4r hittar du senaste nytt om Eternal Arts konstt\u00e4vling. Vi kommer posta regelbundna uppdateringar om utst\u00e4llningsomr\u00e5den, nya sponsorer och mer.","robots":{"index":"index","follow":"follow","max-snippet":"max-snippet:-1","max-image-preview":"max-image-preview:large","max-video-preview":"max-video-preview:-1"},"canonical":"https:\/\/eternal-art.org\/sv\/nyheter\/","og_locale":"sv_SE","og_type":"article","og_title":"Nyheter och uppdatering om Eternal Art och v\u00e5r konstt\u00e4vling | Eternal-art.org","og_description":"H\u00e4r hittar du senaste nytt om Eternal Arts konstt\u00e4vling. Vi kommer posta regelbundna uppdateringar om utst\u00e4llningsomr\u00e5den, nya sponsorer och mer.","og_url":"https:\/\/eternal-art.org\/sv\/nyheter\/","og_site_name":"eternal-art.org","article_publisher":"https:\/\/www.facebook.com\/eternalartproject\/","article_modified_time":"2020-07-05T12:37:13+00:00","og_image":[{"url":"https:\/\/eternal-art.org\/wp-content\/uploads\/2020\/05\/Mask-Group-5@2x.png"}],"twitter_card":"summary_large_image","schema":{"@context":"https:\/\/schema.org","@graph":[{"@type":"WebSite","@id":"https:\/\/eternal-art.org\/#website","url":"https:\/\/eternal-art.org\/","name":"eternal-art.org","description":"The John Bauer Experience","potentialAction":[{"@type":"SearchAction","target":{"@type":"EntryPoint","urlTemplate":"https:\/\/eternal-art.org\/?s={search_term_string}"},"query-input":"required name=search_term_string"}],"inLanguage":"sv-SE"},{"@type":"ImageObject","@id":"https:\/\/eternal-art.org\/sv\/nyheter\/#primaryimage","inLanguage":"sv-SE","url":"https:\/\/eternal-art.org\/wp-content\/uploads\/2020\/05\/Mask-Group-5@2x.png","contentUrl":"https:\/\/eternal-art.org\/wp-content\/uploads\/2020\/05\/Mask-Group-5@2x.png","width":800,"height":478},{"@type":"WebPage","@id":"https:\/\/eternal-art.org\/sv\/nyheter\/#webpage","url":"https:\/\/eternal-art.org\/sv\/nyheter\/","name":"Nyheter och uppdatering om Eternal Art och v\u00e5r konstt\u00e4vling | Eternal-art.org","isPartOf":{"@id":"https:\/\/eternal-art.org\/#website"},"primaryImageOfPage":{"@id":"https:\/\/eternal-art.org\/sv\/nyheter\/#primaryimage"},"datePublished":"2020-07-05T10:47:56+00:00","dateModified":"2020-07-05T12:37:13+00:00","description":"H\u00e4r hittar du senaste nytt om Eternal Arts konstt\u00e4vling. Vi kommer posta regelbundna uppdateringar om utst\u00e4llningsomr\u00e5den, nya sponsorer och mer.","breadcrumb":{"@id":"https:\/\/eternal-art.org\/sv\/nyheter\/#breadcrumb"},"inLanguage":"sv-SE","potentialAction":[{"@type":"ReadAction","target":["https:\/\/eternal-art.org\/sv\/nyheter\/"]}]},{"@type":"BreadcrumbList","@id":"https:\/\/eternal-art.org\/sv\/nyheter\/#breadcrumb","itemListElement":[{"@type":"ListItem","position":1,"name":"Home","item":"https:\/\/eternal-art.org\/sv\/"},{"@type":"ListItem","position":2,"name":"Nyheter"}]}]}},"_links":{"self":[{"href":"https:\/\/eternal-art.org\/sv\/wp-json\/wp\/v2\/pages\/666"}],"collection":[{"href":"https:\/\/eternal-art.org\/sv\/wp-json\/wp\/v2\/pages"}],"about":[{"href":"https:\/\/eternal-art.org\/sv\/wp-json\/wp\/v2\/types\/page"}],"author":[{"embeddable":true,"href":"https:\/\/eternal-art.org\/sv\/wp-json\/wp\/v2\/users\/1"}],"replies":[{"embeddable":true,"href":"https:\/\/eternal-art.org\/sv\/wp-json\/wp\/v2\/comments?post=666"}],"version-history":[{"count":5,"href":"https:\/\/eternal-art.org\/sv\/wp-json\/wp\/v2\/pages\/666\/revisions"}],"predecessor-version":[{"id":701,"href":"https:\/\/eternal-art.org\/sv\/wp-json\/wp\/v2\/pages\/666\/revisions\/701"}],"wp:attachment":[{"href":"https:\/\/eternal-art.org\/sv\/wp-json\/wp\/v2\/media?parent=666"}],"curies":[{"name":"wp","href":"https:\/\/api.w.org\/{rel}","templated":true}]}}